{"id":400,"date":"2015-01-14T10:38:50","date_gmt":"2015-01-14T09:38:50","guid":{"rendered":"http:\/\/www.pistesrecyclables.ch\/blog\/?page_id=400"},"modified":"2017-03-06T14:19:52","modified_gmt":"2017-03-06T13:19:52","slug":"lassistance-electrique","status":"publish","type":"page","link":"http:\/\/www.pistesrecyclables.ch\/blog\/le-velomobile\/lassistance-electrique\/","title":{"rendered":"L&rsquo;assistance \u00e9lectrique"},"content":{"rendered":"<p>A effort \u00e9gal, le v\u00e9lomobile va plus vite que les autres v\u00e9los. C&rsquo;est vrai dans toutes les situations, sauf \u00e0 la mont\u00e9e. L\u00e0, particuli\u00e8rement en raison de son poids, il est \u00e0 la tra\u00eene.<\/p>\n<p>Autour de chez moi, le paysage\u00a0est\u00a0passablement vallon\u00e9. Eu \u00e9gard \u00e0 cette situation, j&rsquo;ai choisi d&rsquo;\u00e9quiper mon v\u00e9lomobile d&rsquo;une assistance \u00e9lectrique, cette derni\u00e8re me permettant de \u00ab\u00a0lisser\u00a0\u00bb les bosses, autrement dit de supprimer l&rsquo;inconv\u00e9nient majeur\u00a0de cet engin.<\/p>\n<p>D&rsquo;autres, bien plus courageux que moi, ont le m\u00e9rite de rouler dans une topographie similaire, cela sans recourir \u00e0 une telle aide.<\/p>\n<p>Comme je n&rsquo;ai pas leur forme physique pour l&rsquo;instant et que je souhaite d\u00e8s \u00e0 pr\u00e9sent\u00a0\u00e9viter\u00a0autant que possible le recours \u00e0 l&rsquo;automobile pour mes transports en solitaire, il me para\u00eet important de r\u00e9duire le plus possible l&rsquo;\u00e9cart par rapport \u00e0\u00a0la vitesse moyenne d&rsquo;une voiture\u00a0sur mes trajets usuels. C&rsquo;est justement ce que me permet le coup de pouce \u00e9lectrique.<\/p>\n<p>Sur la base de mes besoins, un ing\u00e9nieur aussi comp\u00e9tent que passionnant a calcul\u00e9 la motorisation id\u00e9ale. Selon les premiers essais\u00a0effectu\u00e9s, nous arrivons \u00e0 une autonomie de pr\u00e8s\u00a0de 230km (pack 40Ah et 52V) sans devoir recharger les batteries.<\/p>\n<p>Le moteur ne d\u00e9passe pas\u00a00,25kW de puissance, il se d\u00e9connecte\u00a0au-del\u00e0 de 25km\/h et ne fonctionne que si je p\u00e9dale. Ainsi, mon v\u00e9lomobile n&rsquo;a pas besoin d&rsquo;une plaque d&rsquo;immatriculation, que ce soit en Suisse ou dans l&rsquo;Union europ\u00e9enne. C&rsquo;est dans cette configuration que je partirai en voyage.<\/p>\n<p>A terme,\u00a0j&rsquo;esp\u00e8re pouvoir homologuer mon v\u00e9lomobile en Suisse, dans la cat\u00e9gorie cyclomoteur (assistance au p\u00e9dalage jusqu&rsquo;\u00e0 45km\/h).<\/p>\n","protected":false},"excerpt":{"rendered":"<p>A effort \u00e9gal, le v\u00e9lomobile va plus vite que les autres v\u00e9los. C&rsquo;est vrai dans toutes les situations, sauf \u00e0 la mont\u00e9e. L\u00e0, particuli\u00e8rement en raison de son poids, il est \u00e0 la tra\u00eene. Autour de chez moi, le paysage\u00a0est\u00a0passablement vallon\u00e9. Eu \u00e9gard \u00e0 cette situation, j&rsquo;ai choisi d&rsquo;\u00e9quiper mon v\u00e9lomobile d&rsquo;une assistance \u00e9lectrique, cette [&hellip;]<\/p>\n","protected":false},"author":5,"featured_media":0,"parent":392,"menu_order":2,"comment_status":"closed","ping_status":"closed","template":"","meta":{"footnotes":""},"jetpack_sharing_enabled":true,"jetpack_shortlink":"https:\/\/wp.me\/P5Cs8B-6s","_links":{"self":[{"href":"http:\/\/www.pistesrecyclables.ch\/blog\/wp-json\/wp\/v2\/pages\/400"}],"collection":[{"href":"http:\/\/www.pistesrecyclables.ch\/blog\/wp-json\/wp\/v2\/pages"}],"about":[{"href":"http:\/\/www.pistesrecyclables.ch\/blog\/wp-json\/wp\/v2\/types\/page"}],"author":[{"embeddable":true,"href":"http:\/\/www.pistesrecyclables.ch\/blog\/wp-json\/wp\/v2\/users\/5"}],"replies":[{"embeddable":true,"href":"http:\/\/www.pistesrecyclables.ch\/blog\/wp-json\/wp\/v2\/comments?post=400"}],"version-history":[{"count":0,"href":"http:\/\/www.pistesrecyclables.ch\/blog\/wp-json\/wp\/v2\/pages\/400\/revisions"}],"up":[{"embeddable":true,"href":"http:\/\/www.pistesrecyclables.ch\/blog\/wp-json\/wp\/v2\/pages\/392"}],"wp:attachment":[{"href":"http:\/\/www.pistesrecyclables.ch\/blog\/wp-json\/wp\/v2\/media?parent=400"}],"curies":[{"name":"wp","href":"https:\/\/api.w.org\/{rel}","templated":true}]}}