{"id":396,"date":"2015-01-14T10:37:44","date_gmt":"2015-01-14T09:37:44","guid":{"rendered":"http:\/\/www.pistesrecyclables.ch\/blog\/?page_id=396"},"modified":"2017-03-06T14:19:30","modified_gmt":"2017-03-06T13:19:30","slug":"quest-ce-que-cest","status":"publish","type":"page","link":"http:\/\/www.pistesrecyclables.ch\/blog\/le-velomobile\/quest-ce-que-cest\/","title":{"rendered":"Qu&rsquo;est-ce que c&rsquo;est?"},"content":{"rendered":"<p>Bri\u00e8vement dit, c&rsquo;est un v\u00e9lo couch\u00e9 dot\u00e9 d&rsquo;une carrosserie.<br \/>\nA mes yeux, c&rsquo;est tout simplement l&rsquo;un des engins les plus fascinants qui soient.<\/p>\n<p>Le v\u00e9lomobile est d&rsquo;abord le v\u00e9hicule \u00e0 propulsion humaine le plus rapide sur Terre.\u00a0Le record sur 200m, d\u00e9part lanc\u00e9, r\u00e9alis\u00e9 par Sebastiaan Bowier le 15 septembre 2013, est de 133.78 km\/h.\u00a0Oui, \u00e0 la seule force des mollets.<\/p>\n<p>Au quotidien, c&rsquo;est surtout une excellente alternative \u00e0 l&rsquo;automobile pour le transport individuel lors de\u00a0courtes et moyennes distances. Tout d&rsquo;abord, contrairement aux autres cycles, sa carrosserie permet de se d\u00e9placer compl\u00e8tement \u00e0 l&rsquo;abri des intemp\u00e9ries. Ensuite, dot\u00e9 de 3 ou\u00a0m\u00eame 4 roues, le v\u00e9lomobile offre \u00a0une stabilit\u00e9 in\u00e9gal\u00e9e sur sols glissants, permettant d&rsquo;oublier les classiques chutes \u00e0 v\u00e9lo. G\u00e9n\u00e9ralement situ\u00e9 sur la balance entre 20 et 35 kg, il permet de transporter assez ais\u00e9ment jusqu&rsquo;\u00e0\u00a04 voire 5 fois son poids; tr\u00e8s\u00a0peu d&rsquo;autres v\u00e9hicules permettent ce ratio. Mais le plus int\u00e9ressant r\u00e9side peut-\u00eatre\u00a0dans le fait que, gr\u00e2ce \u00e0 son a\u00e9rodynamisme, il permet &#8211; \u00e0 effort \u00e9quivalent &#8211; d&rsquo;aller plus vite que tout autre v\u00e9lo. Voici un tableau aussi synth\u00e9tique qu&rsquo;explicite (source: <a href=\"http:\/\/www.cykelvalg.dk\" target=\"_blank\">www.cykelvalg.dk<\/a>).<\/p>\n<div class=\"mks_accordion\">\n<div class=\"mks_accordion_item\">\r\n            <div class=\"mks_accordion_heading\">Plat, 100W<i class=\"fa fa-plus\"><\/i><i class=\"fa fa-minus\"><\/i><\/div>\r\n                <div class=\"mks_accordion_content\">\nV\u00e9lo en sale \u00e9tat:\u00a015 km\/h<br \/>\nV\u00e9lo standard: 20,5 km\/h<br \/>\nV\u00e9lo de course: 27 km\/h<br \/>\nV\u00e9lomobile standard: 28 km\/h<br \/>\nV\u00e9lomobile performant: 34 km\/h<br \/>\n<\/div>\r\n            <\/div>\n<div class=\"mks_accordion_item\">\r\n            <div class=\"mks_accordion_heading\">Plat, 250W<i class=\"fa fa-plus\"><\/i><i class=\"fa fa-minus\"><\/i><\/div>\r\n                <div class=\"mks_accordion_content\">\nV\u00e9lo en sale \u00e9tat: 23,5 km\/h<br \/>\nV\u00e9lo standard: 29 km\/h<br \/>\nV\u00e9lo de course: 37,5 km\/h<br \/>\nV\u00e9lomobile standard: 41 km\/h<br \/>\nV\u00e9lomobile performant: 50 km\/h<br \/>\n<\/div>\r\n            <\/div>\n<div class=\"mks_accordion_item\">\r\n            <div class=\"mks_accordion_heading\">Rouler \u00e0 30km\/h<i class=\"fa fa-plus\"><\/i><i class=\"fa fa-minus\"><\/i><\/div>\r\n                <div class=\"mks_accordion_content\">\nV\u00e9lo en sale \u00e9tat:\u00a0444W<br \/>\nV\u00e9lo standard: 271W<br \/>\nV\u00e9lo de course: 137W<br \/>\nV\u00e9lomobile standard: 115W<br \/>\nV\u00e9lomobile performant: 79W<br \/>\n<\/div>\r\n            <\/div>\n<div class=\"mks_accordion_item\">\r\n            <div class=\"mks_accordion_heading\">Fort vent de face, 150W<i class=\"fa fa-plus\"><\/i><i class=\"fa fa-minus\"><\/i><\/div>\r\n                <div class=\"mks_accordion_content\">\nV\u00e9lo en sale \u00e9tat: 3,9 km\/h<br \/>\nV\u00e9lo standard: 5,5 km\/h<br \/>\nV\u00e9lo de course: 12,1 km\/h<br \/>\nV\u00e9lomobile standard: 9,3 km\/h<br \/>\nV\u00e9lomobile performant: 17,4 km\/h<br \/>\n<\/div>\r\n            <\/div>\n<\/div>\n<p>Pour aller plus loin, je vous propose la piste offerte par <a href=\"http:\/\/fr.wikipedia.org\/wiki\/V\u00e9lomobile\" target=\"_blank\">Wikip\u00e9dia et\u00a0sa page v\u00e9lomobile<\/a>. Aussi compl\u00e8te qu&rsquo;agr\u00e9able \u00e0 lire, cette derni\u00e8re ne m\u00e9rite pas que soit ici r\u00e9invent\u00e9e la roue, en d\u00e9crivant ou en retra\u00e7ant plus avant l&rsquo;histoire fabuleuse de cet engin.<\/p>\n","protected":false},"excerpt":{"rendered":"<p>Bri\u00e8vement dit, c&rsquo;est un v\u00e9lo couch\u00e9 dot\u00e9 d&rsquo;une carrosserie. A mes yeux, c&rsquo;est tout simplement l&rsquo;un des engins les plus fascinants qui soient. Le v\u00e9lomobile est d&rsquo;abord le v\u00e9hicule \u00e0 propulsion humaine le plus rapide sur Terre.\u00a0Le record sur 200m, d\u00e9part lanc\u00e9, r\u00e9alis\u00e9 par Sebastiaan Bowier le 15 septembre 2013, est de 133.78 km\/h.\u00a0Oui, \u00e0 [&hellip;]<\/p>\n","protected":false},"author":5,"featured_media":0,"parent":392,"menu_order":0,"comment_status":"closed","ping_status":"closed","template":"","meta":{"footnotes":""},"jetpack_sharing_enabled":true,"jetpack_shortlink":"https:\/\/wp.me\/P5Cs8B-6o","_links":{"self":[{"href":"http:\/\/www.pistesrecyclables.ch\/blog\/wp-json\/wp\/v2\/pages\/396"}],"collection":[{"href":"http:\/\/www.pistesrecyclables.ch\/blog\/wp-json\/wp\/v2\/pages"}],"about":[{"href":"http:\/\/www.pistesrecyclables.ch\/blog\/wp-json\/wp\/v2\/types\/page"}],"author":[{"embeddable":true,"href":"http:\/\/www.pistesrecyclables.ch\/blog\/wp-json\/wp\/v2\/users\/5"}],"replies":[{"embeddable":true,"href":"http:\/\/www.pistesrecyclables.ch\/blog\/wp-json\/wp\/v2\/comments?post=396"}],"version-history":[{"count":0,"href":"http:\/\/www.pistesrecyclables.ch\/blog\/wp-json\/wp\/v2\/pages\/396\/revisions"}],"up":[{"embeddable":true,"href":"http:\/\/www.pistesrecyclables.ch\/blog\/wp-json\/wp\/v2\/pages\/392"}],"wp:attachment":[{"href":"http:\/\/www.pistesrecyclables.ch\/blog\/wp-json\/wp\/v2\/media?parent=396"}],"curies":[{"name":"wp","href":"https:\/\/api.w.org\/{rel}","templated":true}]}}