{"id":388,"date":"2015-01-14T10:34:10","date_gmt":"2015-01-14T09:34:10","guid":{"rendered":"http:\/\/www.pistesrecyclables.ch\/blog\/?page_id=388"},"modified":"2017-03-06T14:15:40","modified_gmt":"2017-03-06T13:15:40","slug":"le-but","status":"publish","type":"page","link":"http:\/\/www.pistesrecyclables.ch\/blog\/le-projet\/le-but\/","title":{"rendered":"Le but"},"content":{"rendered":"<h5>Quel est le but de mon voyage?<br \/>\nQui vais-je esp\u00e9rer rencontrer?<br \/>\nA la d\u00e9couverte de quoi vais-je partir?<\/h5>\n<p>L\u2019objectif du projet consiste \u00e0 partir \u00e0 la recherche, au d\u00e9part de la Suisse, de solutions propos\u00e9es ailleurs pour inciter les conducteurs que nous sommes \u00e0 prendre au quotidien le guidon d\u2019un v\u00e9lo plut\u00f4t que le volant d\u2019une voiture.<\/p>\n<p>Avec le d\u00e9sir d\u2019apporter des pistes de r\u00e9flexion au d\u00e9bat sur le transfert modal, en Suisse, entre l\u2019automobile et le v\u00e9lo, je cherche \u00e0 d\u00e9couvrir comment desserrer les freins nous retenant d\u2019enfourcher la petite reine tous les jours plut\u00f4t que seulement durant les loisirs.<\/p>\n<p>Pourquoi, au lieu de la voiture, ne prenons-nous pas plus souvent le v\u00e9lo sur le chemin du travail?\u00a0Que nous manque-t-il pour que nous parvenions si difficilement \u00e0 l\u00e2cher le volant pour aller faire nos courses, emmener nos enfants \u00e0 l\u2019\u00e9cole ou encore partir faire du sport ?<\/p>\n<p>Ces questions, \u00e0 n\u2019en pas douter, d\u2019autres se les sont d\u00e9j\u00e0 pos\u00e9es. Mais alors, quelle a \u00e9t\u00e9 leur r\u00e9flexion? Quelles solutions ont-elles \u00e9t\u00e9 trouv\u00e9es ailleurs pour y r\u00e9pondre?<\/p>\n<p>Durant mon voyage, je vais donc notamment chercher des cycles adapt\u00e9s aux besoins multiples et aux conditions climatiques changeantes que nous connaissons dans nos contr\u00e9es, t\u00e2cher d&rsquo;\u00e9tudier quelques\u00a0infrastructures facilitant la mise en selle ou encore essayer de rassembler quelques-unes des incitations, politiques ou autres, existantes par-del\u00e0 notre territoire.<\/p>\n<p>Allez, en route, \u00e0 la d\u00e9couverte des Pistes Recyclables!<\/p>\n","protected":false},"excerpt":{"rendered":"<p>Quel est le but de mon voyage? Qui vais-je esp\u00e9rer rencontrer? A la d\u00e9couverte de quoi vais-je partir? L\u2019objectif du projet consiste \u00e0 partir \u00e0 la recherche, au d\u00e9part de la Suisse, de solutions propos\u00e9es ailleurs pour inciter les conducteurs que nous sommes \u00e0 prendre au quotidien le guidon d\u2019un v\u00e9lo plut\u00f4t que le volant [&hellip;]<\/p>\n","protected":false},"author":5,"featured_media":0,"parent":384,"menu_order":1,"comment_status":"closed","ping_status":"closed","template":"","meta":{"footnotes":""},"jetpack_sharing_enabled":true,"jetpack_shortlink":"https:\/\/wp.me\/P5Cs8B-6g","_links":{"self":[{"href":"http:\/\/www.pistesrecyclables.ch\/blog\/wp-json\/wp\/v2\/pages\/388"}],"collection":[{"href":"http:\/\/www.pistesrecyclables.ch\/blog\/wp-json\/wp\/v2\/pages"}],"about":[{"href":"http:\/\/www.pistesrecyclables.ch\/blog\/wp-json\/wp\/v2\/types\/page"}],"author":[{"embeddable":true,"href":"http:\/\/www.pistesrecyclables.ch\/blog\/wp-json\/wp\/v2\/users\/5"}],"replies":[{"embeddable":true,"href":"http:\/\/www.pistesrecyclables.ch\/blog\/wp-json\/wp\/v2\/comments?post=388"}],"version-history":[{"count":0,"href":"http:\/\/www.pistesrecyclables.ch\/blog\/wp-json\/wp\/v2\/pages\/388\/revisions"}],"up":[{"embeddable":true,"href":"http:\/\/www.pistesrecyclables.ch\/blog\/wp-json\/wp\/v2\/pages\/384"}],"wp:attachment":[{"href":"http:\/\/www.pistesrecyclables.ch\/blog\/wp-json\/wp\/v2\/media?parent=388"}],"curies":[{"name":"wp","href":"https:\/\/api.w.org\/{rel}","templated":true}]}}